{"id":1420,"date":"2018-05-23T14:02:24","date_gmt":"2018-05-23T12:02:24","guid":{"rendered":"https:\/\/www.berlin-info.com\/en\/?page_id=1420"},"modified":"2023-03-02T09:57:40","modified_gmt":"2023-03-02T08:57:40","slug":"datenschutzerklaerung","status":"publish","type":"page","link":"https:\/\/www.berlin-info.com\/en\/datenschutzerklaerung\/","title":{"rendered":"Datenschutzerkl\u00e4rung"},"content":{"rendered":"<div class=\"fusion-fullwidth fullwidth-box fusion-builder-row-1 profil nonhundred-percent-fullwidth non-hundred-percent-height-scrolling\" style=\"--awb-background-position:left top;--awb-border-radius-top-left:0px;--awb-border-radius-top-right:0px;--awb-border-radius-bottom-right:0px;--awb-border-radius-bottom-left:0px;--awb-padding-top:20px;--awb-padding-right:0px;--awb-padding-bottom:20px;--awb-padding-left:0px;--awb-border-sizes-top:0px;--awb-border-sizes-bottom:0px;\" ><div class=\"fusion-builder-row fusion-row\"><div class=\"fusion-layout-column fusion_builder_column fusion-builder-column-0 fusion_builder_column_1_1 1_1 fusion-one-full fusion-column-first fusion-column-last fusion-column-no-min-height\" style=\"--awb-bg-size:cover;\"><div class=\"fusion-column-wrapper fusion-flex-column-wrapper-legacy\"><div class=\"fusion-title title fusion-title-1 fusion-title-text fusion-title-size-two\"><h2 class=\"title-heading-left\" style=\"margin:0;\">Datenschutzerkl\u00e4rung<\/h2><span class=\"awb-title-spacer\"><\/span><div class=\"title-sep-container\"><div class=\"title-sep sep-double sep-solid\" style=\"border-color:#e0dede;\"><\/div><\/div><\/div><div class=\"fusion-text fusion-text-1\"><div class=\"post-content\">\n<div class=\"fusion-fullwidth fullwidth-box textganz\">\n<p class=\"avada-row\">Diese Datenschutzerkl\u00e4rung gibt einen einfachen \u00dcberblick dar\u00fcber, was mit Ihren personenbezogenen Daten passiert, wenn Sie diese Website besuchen. Personenbezogene Daten sind alle Daten, mit denen Sie pers\u00f6nlich identifiziert werden k\u00f6nnen.Wir behandeln Ihre personenbezogenen Daten vertraulich und entsprechend der gesetzlichen Datenschutzvorschriften sowie dieser Datenschutzerkl\u00e4rung.Wir weisen darauf hin, dass die Daten\u00fcbertragung im Internet (z.B. bei der Kommunikation per Email) Sicherheitsl\u00fccken aufweisen kann. Ein l\u00fcckenloser Schutz der Daten vor dem Zugriff durch Dritte ist nicht m\u00f6glich.<\/p>\n<p class=\"avada-row\"><strong>Verantwortlicher<br \/>\n<\/strong>berlininfo \u2013 Dipl.-Ing. Christian Hajer<br \/>\nHeidestra\u00dfe 46-52<br \/>\nHaus F<br \/>\n10557 &#8211; Berlin<\/p>\n<p class=\"avada-row\">Tel.: +49 30 69 59 82 14<br \/>\nFax: +49 30 691 26 89<\/p>\n<p class=\"avada-row\">info(at)berlin-info.com<br \/>\nwww.berlin-info.com<\/p>\n<div class=\"avada-row\">\n<p><strong>Welche Daten k\u00f6nnen erfasst werden?<\/strong><\/p>\n<ul>\n<li>Kontaktdaten (z. B., Email, Telefonnummer, Texteingabe)<\/li>\n<li>Meta-\/Kommunikationsdaten (z. B., IP-Adresse)<\/li>\n<\/ul>\n<p><strong>Zweck der Datenverarbeitung<\/strong><\/p>\n<ul>\n<li>Die zurverf\u00fcgungstellung dieses Onlineangebotes samt Inhalte und Funktion<\/li>\n<li>Die Beantwortung von Kontaktanfragen\/Kommunikation mit den Nutzern<\/li>\n<li>Sicherheitsma\u00dfnahmen und Marketing<\/li>\n<\/ul>\n<p><strong>Rechte der betroffenen Personen<br \/>\n<\/strong>Sie haben das Recht Auskunft \u00fcber Ihre gespeicherten personenbezogenen Daten zu erhalten.Sie haben au\u00dferdem ein Recht, die Berichtigung, Sperrung oder L\u00f6schung dieser Daten zu verlangen.Des Weiteren steht Ihnen ein Beschwerderecht bei der zust\u00e4ndigen Aufsichtsbeh\u00f6rde zu.Sie haben das Recht, erteilte Einwilligungen mit Wirkung f\u00fcr die Zukunft zu widerrufen.Sie k\u00f6nnen der k\u00fcnftigen Verarbeitung der Sie betreffenden Daten widersprechen.<\/p>\n<p><strong>Kontaktaufnahme<br \/>\n<\/strong>Bei der Kontaktaufnahme mit uns (z. B. per Kontaktformular, Email, Telefon, Fax) werden die Angaben des Nutzers zur Bearbeitung und Abwickung der Anfrage verarbeitet.<\/p>\n<p><strong>Gesch\u00e4ftsbezogene Verarbeitung<br \/>\n<\/strong>Zur Erbringung vertraglicher Leistungen und Marketing verarbeiten wir folgende Daten von unseren Kunden, Interessenten und Gesch\u00e4ftspartner:<\/p>\n<ul>\n<li>Vertragsdaten (z.B., Vertragsgegenstand, Laufzeit).<\/li>\n<li>Zahlungsdaten (z.B., Bankverbindung, Zahlungshistorie)<\/li>\n<\/ul>\n<p>Die von uns erhobenen personenbezogenen Daten werden im Rahmen der Vertragsabwicklung an den beauftragten Referenten weitergegeben, soweit dies f\u00fcr Organisation, Ablauf\u00a0 und Abrechnung der Veranstaltung notwendig ist.<\/p>\n<p><strong>Hosting\/Server-Log-Dateien<br \/>\n<\/strong>Der Provider dieser Website erhebt und speichert Informationen in so genannten Server-Log-Dateien, die Ihr Browser automatisch an uns \u00fcbermittelt, z.B.:<\/p>\n<ul>\n<li>IP-Adresse<\/li>\n<li>Browsertyp und -version<\/li>\n<li>verwendetes Betriebssystem<\/li>\n<li>Referrer URL<\/li>\n<li>Hostname des zugreifenden Rechners<\/li>\n<li>Uhrzeit der Serveranfrage<\/li>\n<\/ul>\n<p>Eine Zusammenf\u00fchrung dieser Daten mit anderen Datenquellen wird nicht vorgenommen.<\/p>\n<\/div>\n<p><strong>Google Maps und Google Fonts<\/strong><br \/>\nAuf dieser Website sind die Dienste \u201eGoogle Maps\u201c und \u201eGoogle Fonts\u201c des Anbieters Google LLC, 1600 Amphitheatre Parkway, Mountain View, CA 94043, USA, eingebunden. Die Datenschutzerkl\u00e4rung des externen Diensteanbieters k\u00f6nnen Sie einsehen unter: https:\/\/www.google.com\/policies\/privacySie k\u00f6nnen ferner die folgende Opt-Out M\u00f6glichkeit einbinden: https:\/\/adssettings.google.com\/authenticated.<\/p>\n<\/div>\n<\/div>\n<p><strong>SSL-Verschl\u00fcsselung<br \/>\n<\/strong>Diese Seite nutzt aus Sicherheitsgr\u00fcnden und zum Schutz der \u00dcbertragung vertraulicher Inhalte (z. B. Kontaktformular), die Sie an uns als Seitenbetreiber senden, eine SSL-Verschl\u00fcsselung.<\/p>\n<\/div><div class=\"fusion-clearfix\"><\/div><\/div><\/div><\/div><\/div>\n","protected":false},"excerpt":{"rendered":"","protected":false},"author":1,"featured_media":0,"parent":0,"menu_order":0,"comment_status":"closed","ping_status":"open","template":"","meta":[],"_links":{"self":[{"href":"https:\/\/www.berlin-info.com\/en\/wp-json\/wp\/v2\/pages\/1420"}],"collection":[{"href":"https:\/\/www.berlin-info.com\/en\/wp-json\/wp\/v2\/pages"}],"about":[{"href":"https:\/\/www.berlin-info.com\/en\/wp-json\/wp\/v2\/types\/page"}],"author":[{"embeddable":true,"href":"https:\/\/www.berlin-info.com\/en\/wp-json\/wp\/v2\/users\/1"}],"replies":[{"embeddable":true,"href":"https:\/\/www.berlin-info.com\/en\/wp-json\/wp\/v2\/comments?post=1420"}],"version-history":[{"count":18,"href":"https:\/\/www.berlin-info.com\/en\/wp-json\/wp\/v2\/pages\/1420\/revisions"}],"predecessor-version":[{"id":3768,"href":"https:\/\/www.berlin-info.com\/en\/wp-json\/wp\/v2\/pages\/1420\/revisions\/3768"}],"wp:attachment":[{"href":"https:\/\/www.berlin-info.com\/en\/wp-json\/wp\/v2\/media?parent=1420"}],"curies":[{"name":"wp","href":"https:\/\/api.w.org\/{rel}","templated":true}]}}