{"id":414,"date":"2016-03-01T18:32:03","date_gmt":"2016-03-01T17:32:03","guid":{"rendered":"http:\/\/test.tsd-berlin.de\/berlininfo\/en\/?page_id=414"},"modified":"2025-08-08T07:52:02","modified_gmt":"2025-08-08T05:52:02","slug":"europacity","status":"publish","type":"page","link":"https:\/\/www.berlin-info.com\/en\/tours\/europacity\/","title":{"rendered":"Europacity"},"content":{"rendered":"<div class=\"fusion-fullwidth fullwidth-box fusion-builder-row-1 tour hundred-percent-fullwidth non-hundred-percent-height-scrolling\" style=\"--awb-background-position:left top;--awb-border-sizes-top:0px;--awb-border-sizes-bottom:0px;--awb-border-sizes-left:0px;--awb-border-sizes-right:0px;--awb-border-radius-top-left:0px;--awb-border-radius-top-right:0px;--awb-border-radius-bottom-right:0px;--awb-border-radius-bottom-left:0px;--awb-padding-top:20px;--awb-padding-right:0px;--awb-padding-bottom:20px;--awb-padding-left:0px;\" ><div class=\"fusion-builder-row fusion-row\"><div class=\"fusion-layout-column fusion_builder_column fusion-builder-column-0 fusion_builder_column_1_1 1_1 fusion-one-full fusion-column-first fusion-column-last fusion-column-no-min-height\" style=\"--awb-bg-size:cover;\"><div class=\"fusion-column-wrapper fusion-flex-column-wrapper-legacy\"><div class=\"fusion-title title fusion-title-1 fusion-title-text fusion-title-size-two\" style=\"--awb-sep-color:rgba(255,255,255,0);\"><h2 class=\"title-heading-left\" style=\"margin:0;\">Europacity<\/h2><span class=\"awb-title-spacer\"><\/span><div class=\"title-sep-container\"><div class=\"title-sep sep-double sep-solid\" style=\"border-color:transparent;\"><\/div><\/div><\/div><div class=\"fusion-button-wrapper\"><a class=\"fusion-button button-flat fusion-button-default-size button-default fusion-button-default button-1 fusion-button-default-span fusion-button-default-type weiter\" target=\"_self\" href=\"#\" data-toggle=\"modal\" data-target=\".fusion-modal.teilen\"><i class=\"icon-share-alt button-icon-left\" aria-hidden=\"true\"><\/i><span class=\"fusion-button-text\"><\/span><\/a><\/div><div class=\"fusion-clearfix\"><\/div><\/div><\/div><div class=\"fusion-layout-column fusion_builder_column fusion-builder-column-1 fusion_builder_column_1_1 1_1 fusion-one-full fusion-column-first fusion-column-last fusion-column-no-min-height\" style=\"--awb-bg-size:cover;\"><div class=\"fusion-column-wrapper fusion-flex-column-wrapper-legacy\"><div class=\"fusion-modal modal fade modal-1 teilen\" tabindex=\"-1\" role=\"dialog\" aria-labelledby=\"modal-heading-1\" aria-hidden=\"true\" style=\"--awb-border-color:#ebebeb;--awb-background:#f6f6f6;\"><div class=\"modal-dialog modal-sm\" role=\"document\"><div class=\"modal-content fusion-modal-content\"><div class=\"modal-header\"><button class=\"close\" type=\"button\" data-dismiss=\"modal\" aria-hidden=\"true\" aria-label=\"Close\">&times;<\/button><h3 class=\"modal-title\" id=\"modal-heading-1\" data-dismiss=\"modal\" aria-hidden=\"true\"><\/h3><\/div><div class=\"modal-body fusion-clearfix\"><b>Share content<br \/>\n<\/b><div class=\"fusion-sharing-box fusion-sharing-box-1 has-taglines layout-floated layout-medium-floated layout-small-floated\" style=\"background-color:#f6f6f6;--awb-layout:row;--awb-alignment-small:space-between;\" data-title=\"Recommendation of a Tour at www.berlin-info.com\" data-description=\"Europacity  Share content\r\n \r\n\r\n&nbsp;\r\n\r\nCopy URL\r\n \r\nEuropacity is Berlin\u2019s largest inner-city development project \u2014 approximately three times the size of Potsdamer Platz. The area stretches between the German Bundestag and Berlin Central Station, occupying the sites of two former freight yards and running along the path of\" data-link=\"https:\/\/www.berlin-info.com\/en\/tours\/europacity\/\"><div class=\"fusion-social-networks sharingbox-shortcode-icon-wrapper sharingbox-shortcode-icon-wrapper-1\"><span><a href=\"https:\/\/www.facebook.com\/sharer.php?u=https%3A%2F%2Fwww.berlin-info.com%2Fen%2Ftours%2Feuropacity%2F&amp;t=Recommendation%20of%20a%20Tour%20at%20www.berlin-info.com\" target=\"_blank\" rel=\"noreferrer\" title=\"Facebook\" aria-label=\"Facebook\" data-placement=\"top\" data-toggle=\"tooltip\" data-title=\"Facebook\"><i class=\"fusion-social-network-icon fusion-tooltip fusion-facebook awb-icon-facebook\" style=\"color:#333333;\" aria-hidden=\"true\"><\/i><\/a><\/span><span><a href=\"https:\/\/twitter.com\/share?text=Recommendation%20of%20a%20Tour%20at%20www.berlin-info.com&amp;url=https%3A%2F%2Fwww.berlin-info.com%2Fen%2Ftours%2Feuropacity%2F\" target=\"_blank\" rel=\"noopener noreferrer\" title=\"Twitter\" aria-label=\"Twitter\" data-placement=\"top\" data-toggle=\"tooltip\" data-title=\"Twitter\"><i class=\"fusion-social-network-icon fusion-tooltip fusion-twitter awb-icon-twitter\" style=\"color:#333333;\" aria-hidden=\"true\"><\/i><\/a><\/span><span><a href=\"https:\/\/www.linkedin.com\/shareArticle?mini=true&amp;url=https%3A%2F%2Fwww.berlin-info.com%2Fen%2Ftours%2Feuropacity%2F&amp;title=Recommendation%20of%20a%20Tour%20at%20www.berlin-info.com&amp;summary=Europacity%20%20%20Share%20content%0D%0A%20%0D%0A%0D%0A%26nbsp%3B%0D%0A%0D%0ACopy%20URL%0D%0A%20%20%0D%0AEuropacity%20is%20Berlin%E2%80%99s%20largest%20inner-city%20development%20project%20%E2%80%94%20approximately%20three%20times%20the%20size%20of%20Potsdamer%20Platz.%20The%20area%20stretches%20between%20the%20German%20Bundestag%20and%20Berlin%20Central%20Station%2C%20occupying%20the%20sites%20of%20two%20former%20freight%20yards%20and%20running%20along%20the%20path%20of\" target=\"_blank\" rel=\"noopener noreferrer\" title=\"LinkedIn\" aria-label=\"LinkedIn\" data-placement=\"top\" data-toggle=\"tooltip\" data-title=\"LinkedIn\"><i class=\"fusion-social-network-icon fusion-tooltip fusion-linkedin awb-icon-linkedin\" style=\"color:#333333;\" aria-hidden=\"true\"><\/i><\/a><\/span><span><a href=\"mailto:?subject=Recommendation%20of%20a%20Tour%20at%20www.berlin-info.com&amp;body=https%3A%2F%2Fwww.berlin-info.com%2Fen%2Ftours%2Feuropacity%2F\" target=\"_self\" title=\"Email\" aria-label=\"Email\" data-placement=\"top\" data-toggle=\"tooltip\" data-title=\"Email\"><i class=\"fusion-social-network-icon fusion-tooltip fusion-mail awb-icon-mail\" style=\"color:#333333;\" aria-hidden=\"true\"><\/i><\/a><\/span><\/div><\/div>\n<p>&nbsp;<\/p>\n<p><b>Copy URL<br \/>\n<\/b>https:\/\/www.berlin-info.com\/en\/tours\/europacity\/<\/div><div class=\"modal-footer\"><button class=\"fusion-button button-default button-medium button default medium\" type=\"button\" data-dismiss=\"modal\">Close<\/button><\/div><\/div><\/div><\/div><div class=\"fusion-image-element in-legacy-container\" style=\"--awb-caption-title-size:var(--h2_typography-font-size);--awb-caption-title-transform:var(--h2_typography-text-transform);--awb-caption-title-line-height:var(--h2_typography-line-height);--awb-caption-title-letter-spacing:var(--h2_typography-letter-spacing);\"><span class=\" fusion-imageframe imageframe-none imageframe-1 hover-type-none\"><img decoding=\"async\" width=\"739\" height=\"415\" alt=\"Moderne Wohngeb\u00e4ude und elegante Fu\u00dfg\u00e4ngerbr\u00fccke am Kanalufer der Europacity in Berlin \u2013 urbaner Wasserblick mit Architekturdetails\" title=\"Europacity: Kanalufer-Wohnensemble und Br\u00fcckenarchitektur\" src=\"https:\/\/www.berlin-info.com\/wp-content\/uploads\/2024\/06\/Europacity.gif\" class=\"img-responsive wp-image-4926\"\/><\/span><\/div><div class=\"fusion-text fusion-text-1\"><p data-start=\"305\" data-end=\"609\"><strong data-start=\"305\" data-end=\"319\">Europacity<\/strong> is Berlin\u2019s largest inner-city development project \u2014 approximately <strong data-start=\"387\" data-end=\"430\">three times the size of Potsdamer Platz<\/strong>. The area stretches between the German Bundestag and Berlin Central Station, occupying the sites of two former freight yards and running along the path of the former Berlin Wall.<\/p>\n<p data-start=\"305\" data-end=\"609\">With most of the buildings and infrastructure already completed, the tour allows visitors to explore both <strong data-start=\"892\" data-end=\"913\">finished projects<\/strong> and <strong data-start=\"918\" data-end=\"940\">construction sites<\/strong>. Key features include new residential and office buildings, public and semi-public spaces, and the emerging character of this strategically positioned urban quarter.<\/p>\n<p data-start=\"305\" data-end=\"609\">\ud83d\udc49\u00a0This <strong data-start=\"616\" data-end=\"631\">guided tour<\/strong> offers an in-depth overview of the <strong data-start=\"667\" data-end=\"693\">urban planning concept<\/strong>, the progress of construction, and the diverse stakeholders and planning teams involved.<\/p>\n<p><a href=\"https:\/\/wa.me\/message\/G2JFPQLV3632O1\">\ud83d\udcf2<\/a> For further questions, contact us via <span style=\"color: #008080;\"><a style=\"color: #008080;\" href=\"https:\/\/wa.me\/message\/G2JFPQLV3632O1\">WhatsApp-Chat.<\/a><\/span><\/p>\n<p data-start=\"1158\" data-end=\"1177\">#EuropacityBerlin #UrbanDevelopmentBerlin #BerlinCentralStation #GuidedTourEuropacityUrbanPlanning #BerlinCityDevelopmentNearBundestag #FutureUrbanDistrictsBerlinWallArea<\/p>\n<\/div><div class=\"fusion-clearfix\"><\/div><\/div><\/div><div class=\"fusion-layout-column fusion_builder_column fusion-builder-column-2 fusion_builder_column_3_5 3_5 fusion-three-fifth fusion-column-first fusion-column-inner-bg-wrapper\" style=\"--awb-inner-bg-size:cover;width:58.4%; margin-right: 4%;\"><span class=\"fusion-column-inner-bg hover-type-none\"><a class=\"fusion-column-anchor\" href=\"#legende\"><span class=\"fusion-column-inner-bg-image\"><\/span><\/a><\/span><div class=\"fusion-column-wrapper fusion-flex-column-wrapper-legacy\"><div class=\"fusion-image-element in-legacy-container\" style=\"--awb-caption-title-size:var(--h2_typography-font-size);--awb-caption-title-transform:var(--h2_typography-text-transform);--awb-caption-title-line-height:var(--h2_typography-line-height);--awb-caption-title-letter-spacing:var(--h2_typography-letter-spacing);\"><span class=\" fusion-imageframe imageframe-none imageframe-2 hover-type-none\"><img decoding=\"async\" alt=\"Rundgang\" title=\"walk_2016\" src=\"https:\/\/www.berlin-info.com\/wp-content\/uploads\/2016\/04\/walk_2016.svg\" class=\"img-responsive wp-image-3920\"\/><\/span><\/div><div class=\"fusion-image-element in-legacy-container\" style=\"--awb-caption-title-size:var(--h2_typography-font-size);--awb-caption-title-transform:var(--h2_typography-text-transform);--awb-caption-title-line-height:var(--h2_typography-line-height);--awb-caption-title-letter-spacing:var(--h2_typography-letter-spacing);\"><span class=\" fusion-imageframe imageframe-none imageframe-3 hover-type-none\"><img decoding=\"async\" title=\"bike_2016\" src=\"https:\/\/www.berlin-info.com\/wp-content\/uploads\/2016\/04\/bike_2016.svg\" alt class=\"img-responsive wp-image-3917\"\/><\/span><\/div><div class=\"fusion-image-element in-legacy-container\" style=\"--awb-caption-title-size:var(--h2_typography-font-size);--awb-caption-title-transform:var(--h2_typography-text-transform);--awb-caption-title-line-height:var(--h2_typography-line-height);--awb-caption-title-letter-spacing:var(--h2_typography-letter-spacing);\"><span class=\" fusion-imageframe imageframe-none imageframe-4 hover-type-none\"><img decoding=\"async\" title=\"bus_2016\" src=\"https:\/\/www.berlin-info.com\/wp-content\/uploads\/2016\/04\/bus_2016.svg\" alt class=\"img-responsive wp-image-3918\"\/><\/span><\/div><div class=\"fusion-clearfix\"><\/div><\/div><\/div><div class=\"fusion-layout-column fusion_builder_column fusion-builder-column-3 fusion_builder_column_2_5 2_5 fusion-two-fifth fusion-column-last\" style=\"--awb-bg-size:cover;width:37.6%;\"><div class=\"fusion-column-wrapper fusion-flex-column-wrapper-legacy\"><div class=\"fusion-alignright\"><a class=\"fusion-button button-flat fusion-button-default-size button-default fusion-button-default button-2 fusion-button-default-span fusion-button-default-type\" target=\"_self\" href=\"#anfrage\"><i class=\"icon-envelope button-icon-left\" aria-hidden=\"true\"><\/i><span class=\"fusion-button-text\"><\/span><\/a><\/div><div class=\"fusion-clearfix\"><\/div><\/div><\/div><\/div><\/div>\n","protected":false},"excerpt":{"rendered":"","protected":false},"author":1,"featured_media":0,"parent":400,"menu_order":0,"comment_status":"open","ping_status":"open","template":"page_zusatz.php","meta":[],"_links":{"self":[{"href":"https:\/\/www.berlin-info.com\/en\/wp-json\/wp\/v2\/pages\/414"}],"collection":[{"href":"https:\/\/www.berlin-info.com\/en\/wp-json\/wp\/v2\/pages"}],"about":[{"href":"https:\/\/www.berlin-info.com\/en\/wp-json\/wp\/v2\/types\/page"}],"author":[{"embeddable":true,"href":"https:\/\/www.berlin-info.com\/en\/wp-json\/wp\/v2\/users\/1"}],"replies":[{"embeddable":true,"href":"https:\/\/www.berlin-info.com\/en\/wp-json\/wp\/v2\/comments?post=414"}],"version-history":[{"count":27,"href":"https:\/\/www.berlin-info.com\/en\/wp-json\/wp\/v2\/pages\/414\/revisions"}],"predecessor-version":[{"id":5426,"href":"https:\/\/www.berlin-info.com\/en\/wp-json\/wp\/v2\/pages\/414\/revisions\/5426"}],"up":[{"embeddable":true,"href":"https:\/\/www.berlin-info.com\/en\/wp-json\/wp\/v2\/pages\/400"}],"wp:attachment":[{"href":"https:\/\/www.berlin-info.com\/en\/wp-json\/wp\/v2\/media?parent=414"}],"curies":[{"name":"wp","href":"https:\/\/api.w.org\/{rel}","templated":true}]}}