{"id":438,"date":"2016-03-01T18:48:52","date_gmt":"2016-03-01T17:48:52","guid":{"rendered":"http:\/\/test.tsd-berlin.de\/berlininfo\/en\/?page_id=438"},"modified":"2025-08-19T08:44:54","modified_gmt":"2025-08-19T06:44:54","slug":"new-parks","status":"publish","type":"page","link":"https:\/\/www.berlin-info.com\/en\/tours\/new-parks\/","title":{"rendered":"New Parks"},"content":{"rendered":"<div class=\"fusion-fullwidth fullwidth-box fusion-builder-row-1 tour hundred-percent-fullwidth non-hundred-percent-height-scrolling\" style=\"--awb-background-position:left top;--awb-border-sizes-top:0px;--awb-border-sizes-bottom:0px;--awb-border-sizes-left:0px;--awb-border-sizes-right:0px;--awb-border-radius-top-left:0px;--awb-border-radius-top-right:0px;--awb-border-radius-bottom-right:0px;--awb-border-radius-bottom-left:0px;--awb-padding-top:20px;--awb-padding-right:0px;--awb-padding-bottom:20px;--awb-padding-left:0px;\" ><div class=\"fusion-builder-row fusion-row\"><div class=\"fusion-layout-column fusion_builder_column fusion-builder-column-0 fusion_builder_column_1_1 1_1 fusion-one-full fusion-column-first fusion-column-last fusion-column-no-min-height\" style=\"--awb-bg-size:cover;\"><div class=\"fusion-column-wrapper fusion-flex-column-wrapper-legacy\"><div class=\"fusion-title title fusion-title-1 fusion-title-text fusion-title-size-two\" style=\"--awb-sep-color:rgba(255,255,255,0);\"><h2 class=\"title-heading-left\" style=\"margin:0;\">Public Parks<\/h2><span class=\"awb-title-spacer\"><\/span><div class=\"title-sep-container\"><div class=\"title-sep sep-double sep-solid\" style=\"border-color:transparent;\"><\/div><\/div><\/div><div class=\"fusion-button-wrapper\"><a class=\"fusion-button button-flat fusion-button-default-size button-default fusion-button-default button-1 fusion-button-default-span fusion-button-default-type weiter\" target=\"_self\" href=\"#\" data-toggle=\"modal\" data-target=\".fusion-modal.teilen\"><i class=\"icon-share-alt button-icon-left\" aria-hidden=\"true\"><\/i><span class=\"fusion-button-text\"><\/span><\/a><\/div><div class=\"fusion-clearfix\"><\/div><\/div><\/div><div class=\"fusion-layout-column fusion_builder_column fusion-builder-column-1 fusion_builder_column_1_1 1_1 fusion-one-full fusion-column-first fusion-column-last fusion-column-no-min-height\" style=\"--awb-bg-size:cover;\"><div class=\"fusion-column-wrapper fusion-flex-column-wrapper-legacy\"><div class=\"fusion-modal modal fade modal-1 teilen\" tabindex=\"-1\" role=\"dialog\" aria-labelledby=\"modal-heading-1\" aria-hidden=\"true\" style=\"--awb-border-color:#ebebeb;--awb-background:#f6f6f6;\"><div class=\"modal-dialog modal-sm\" role=\"document\"><div class=\"modal-content fusion-modal-content\"><div class=\"modal-header\"><button class=\"close\" type=\"button\" data-dismiss=\"modal\" aria-hidden=\"true\" aria-label=\"Close\">&times;<\/button><h3 class=\"modal-title\" id=\"modal-heading-1\" data-dismiss=\"modal\" aria-hidden=\"true\"><\/h3><\/div><div class=\"modal-body fusion-clearfix\"><b>Share content<br \/>\n<\/b><div class=\"fusion-sharing-box fusion-sharing-box-1 has-taglines layout-floated layout-medium-floated layout-small-floated\" style=\"background-color:#f6f6f6;--awb-layout:row;--awb-alignment-small:space-between;\" data-title=\"Recommendation of a Tour at www.berlin-info.com\" data-description=\"Public Parks  Share content\r\n \r\n\r\n&nbsp;\r\n\r\nCopy URL\r\n \r\nUrban Green Berlin: Parks, Open Spaces &amp; Urban Nature\u00a0\r\nIn recent years, Berlin\u2019s city center has seen the creation of more than 400 hectares of high-quality parks and open spaces. These green areas shape the city\u2019s quality of life, urban climate,\" data-link=\"https:\/\/www.berlin-info.com\/en\/touren\/neue-parks\/\"><div class=\"fusion-social-networks sharingbox-shortcode-icon-wrapper sharingbox-shortcode-icon-wrapper-1\"><span><a href=\"https:\/\/www.facebook.com\/sharer.php?u=https%3A%2F%2Fwww.berlin-info.com%2Fen%2Ftouren%2Fneue-parks%2F&amp;t=Recommendation%20of%20a%20Tour%20at%20www.berlin-info.com\" target=\"_blank\" rel=\"noreferrer\" title=\"Facebook\" aria-label=\"Facebook\" data-placement=\"top\" data-toggle=\"tooltip\" data-title=\"Facebook\"><i class=\"fusion-social-network-icon fusion-tooltip fusion-facebook awb-icon-facebook\" style=\"color:#333333;\" aria-hidden=\"true\"><\/i><\/a><\/span><span><a href=\"https:\/\/twitter.com\/share?text=Recommendation%20of%20a%20Tour%20at%20www.berlin-info.com&amp;url=https%3A%2F%2Fwww.berlin-info.com%2Fen%2Ftouren%2Fneue-parks%2F\" target=\"_blank\" rel=\"noopener noreferrer\" title=\"Twitter\" aria-label=\"Twitter\" data-placement=\"top\" data-toggle=\"tooltip\" data-title=\"Twitter\"><i class=\"fusion-social-network-icon fusion-tooltip fusion-twitter awb-icon-twitter\" style=\"color:#333333;\" aria-hidden=\"true\"><\/i><\/a><\/span><span><a href=\"https:\/\/www.linkedin.com\/shareArticle?mini=true&amp;url=https%3A%2F%2Fwww.berlin-info.com%2Fen%2Ftouren%2Fneue-parks%2F&amp;title=Recommendation%20of%20a%20Tour%20at%20www.berlin-info.com&amp;summary=Public%20Parks%20%20%20Share%20content%0D%0A%20%0D%0A%0D%0A%26nbsp%3B%0D%0A%0D%0ACopy%20URL%0D%0A%20%20%0D%0AUrban%20Green%20Berlin%3A%20Parks%2C%20Open%20Spaces%20%26amp%3B%20Urban%20Nature%C2%A0%0D%0AIn%20recent%20years%2C%20Berlin%E2%80%99s%20city%20center%20has%20seen%20the%20creation%20of%20more%20than%20400%20hectares%20of%20high-quality%20parks%20and%20open%20spaces.%20These%20green%20areas%20shape%20the%20city%E2%80%99s%20quality%20of%20life%2C%20urban%20climate%2C\" target=\"_blank\" rel=\"noopener noreferrer\" title=\"LinkedIn\" aria-label=\"LinkedIn\" data-placement=\"top\" data-toggle=\"tooltip\" data-title=\"LinkedIn\"><i class=\"fusion-social-network-icon fusion-tooltip fusion-linkedin awb-icon-linkedin\" style=\"color:#333333;\" aria-hidden=\"true\"><\/i><\/a><\/span><span><a href=\"mailto:?subject=Recommendation%20of%20a%20Tour%20at%20www.berlin-info.com&amp;body=https%3A%2F%2Fwww.berlin-info.com%2Fen%2Ftouren%2Fneue-parks%2F\" target=\"_self\" title=\"Email\" aria-label=\"Email\" data-placement=\"top\" data-toggle=\"tooltip\" data-title=\"Email\"><i class=\"fusion-social-network-icon fusion-tooltip fusion-mail awb-icon-mail\" style=\"color:#333333;\" aria-hidden=\"true\"><\/i><\/a><\/span><\/div><\/div>\n<p>&nbsp;<\/p>\n<p><b>Copy URL<br \/>\n<\/b>https:\/\/www.berlin-info.com\/en\/tours\/new-parks\/<\/div><div class=\"modal-footer\"><button class=\"fusion-button button-default button-medium button default medium\" type=\"button\" data-dismiss=\"modal\">Close<\/button><\/div><\/div><\/div><\/div><div class=\"fusion-image-element in-legacy-container\" style=\"--awb-caption-title-size:var(--h2_typography-font-size);--awb-caption-title-transform:var(--h2_typography-text-transform);--awb-caption-title-line-height:var(--h2_typography-line-height);--awb-caption-title-letter-spacing:var(--h2_typography-letter-spacing);\"><span class=\" fusion-imageframe imageframe-none imageframe-1 hover-type-none\"><img decoding=\"async\" width=\"1024\" height=\"688\" alt=\"Menschen und Fahrr\u00e4der im Park am Spreeufer in Friedrichshain-Kreuzberg, mit der historischen Ostbahn-Eisenbahnbr\u00fccke, modernen Wohnhochh\u00e4usern und dem Berliner Fernsehturm im Hintergrund\" title=\"Spreeuferpark Friedrichshain-Kreuzberg mit Ostbahnbr\u00fccke und Fernsehturm\" src=\"https:\/\/www.berlin-info.com\/wp-content\/uploads\/2024\/06\/ho-1-von-1-1024x688.jpg\" class=\"img-responsive wp-image-4839\" srcset=\"https:\/\/www.berlin-info.com\/wp-content\/uploads\/2024\/06\/ho-1-von-1-200x134.jpg 200w, https:\/\/www.berlin-info.com\/wp-content\/uploads\/2024\/06\/ho-1-von-1-400x269.jpg 400w, https:\/\/www.berlin-info.com\/wp-content\/uploads\/2024\/06\/ho-1-von-1-600x403.jpg 600w, https:\/\/www.berlin-info.com\/wp-content\/uploads\/2024\/06\/ho-1-von-1-800x538.jpg 800w, https:\/\/www.berlin-info.com\/wp-content\/uploads\/2024\/06\/ho-1-von-1-1200x806.jpg 1200w, https:\/\/www.berlin-info.com\/wp-content\/uploads\/2024\/06\/ho-1-von-1.jpg 1725w\" sizes=\"(max-width: 800px) 100vw, 1200px\" \/><\/span><\/div><div class=\"fusion-text fusion-text-1\"><p data-start=\"165\" data-end=\"225\"><strong>Urban Green Berlin: Parks, Open Spaces &amp; Urban Nature\u00a0<\/strong><\/p>\n<p data-start=\"227\" data-end=\"445\">In recent years, Berlin\u2019s city center has seen the creation of more than <strong data-start=\"300\" data-end=\"316\">400 hectares<\/strong> of high-quality parks and open spaces. These green areas shape the city\u2019s quality of life, urban climate, and leisure culture.<\/p>\n<p data-start=\"447\" data-end=\"469\"><strong>Tour Highlights:<\/strong><\/p>\n<ul data-start=\"470\" data-end=\"992\">\n<li data-start=\"470\" data-end=\"651\">\n<p data-start=\"472\" data-end=\"651\"><strong data-start=\"472\" data-end=\"491\">New Urban Parks<\/strong>: Explore the <strong data-start=\"505\" data-end=\"529\">Park at Gleisdreieck<\/strong>, the <strong data-start=\"535\" data-end=\"561\">Nature Park S\u00fcdgel\u00e4nde<\/strong>, and the <strong data-start=\"571\" data-end=\"591\">Tempelhofer Feld<\/strong> \u2013 three iconic examples of modern landscape architecture.<\/p>\n<\/li>\n<li data-start=\"652\" data-end=\"784\">\n<p data-start=\"654\" data-end=\"784\"><strong data-start=\"654\" data-end=\"681\">Connectivity &amp; Planning<\/strong>: Learn how new parks are linked to existing green corridors and why they matter for the entire city.<\/p>\n<\/li>\n<li data-start=\"785\" data-end=\"900\">\n<p data-start=\"787\" data-end=\"900\"><strong data-start=\"787\" data-end=\"814\">Maintenance &amp; Conflicts<\/strong>: How does Berlin balance recreation, nature conservation, sports, and large events?<\/p>\n<\/li>\n<li data-start=\"901\" data-end=\"992\">\n<p data-start=\"903\" data-end=\"992\"><strong data-start=\"903\" data-end=\"923\">Flexible Program<\/strong>: We customize the selection of projects to your group\u2019s interests.<\/p>\n<\/li>\n<\/ul>\n<p data-start=\"994\" data-end=\"1013\"><strong>Tour Details:<\/strong><\/p>\n<ul data-start=\"1014\" data-end=\"1148\">\n<li data-start=\"1014\" data-end=\"1045\">\n<p data-start=\"1016\" data-end=\"1045\">Duration: approx. 3 hours<\/p>\n<\/li>\n<li data-start=\"1046\" data-end=\"1113\">\n<p data-start=\"1048\" data-end=\"1113\">Focus: Urban development, landscape architecture, urban ecology<\/p>\n<\/li>\n<li data-start=\"1114\" data-end=\"1148\">\n<p data-start=\"1116\" data-end=\"1148\">Available in English or German<\/p>\n<\/li>\n<\/ul>\n<p data-start=\"1150\" data-end=\"1221\">\u00a0 \ud83d\udc49\u00a0 Questions or group bookings?<br data-start=\"1178\" data-end=\"1181\" \/>\u00a0 <strong data-start=\"1374\" data-end=\"1406\"><a href=\"https:\/\/wa.me\/message\/G2JFPQLV3632O1\">\ud83d\udcf2<\/a><\/strong>\u00a0 \u00a0Contact us directly via <span style=\"color: #008080;\"><a style=\"color: #008080;\" href=\"https:\/\/wa.me\/message\/G2JFPQLV3632O1\">WhatsApp-Chat.<\/a><\/span><\/p>\n<p data-start=\"1150\" data-end=\"1221\">#UrbanGreenBerlin #BerlinCityParks #LandscapeArchitectureBerlin #TempelhoferFeldTour #UrbanEcologyBerlin #BerlinGreenSpaces #Suedgelaendetour<\/p>\n<\/div><div class=\"fusion-clearfix\"><\/div><\/div><\/div><div class=\"fusion-layout-column fusion_builder_column fusion-builder-column-2 fusion_builder_column_3_5 3_5 fusion-three-fifth fusion-column-first fusion-column-inner-bg-wrapper\" style=\"--awb-inner-bg-size:cover;width:58.4%; margin-right: 4%;\"><span class=\"fusion-column-inner-bg hover-type-none\"><a class=\"fusion-column-anchor\" href=\"#legende\"><span class=\"fusion-column-inner-bg-image\"><\/span><\/a><\/span><div class=\"fusion-column-wrapper fusion-flex-column-wrapper-legacy\"><div class=\"fusion-image-element in-legacy-container\" style=\"--awb-caption-title-size:var(--h2_typography-font-size);--awb-caption-title-transform:var(--h2_typography-text-transform);--awb-caption-title-line-height:var(--h2_typography-line-height);--awb-caption-title-letter-spacing:var(--h2_typography-letter-spacing);\"><span class=\" fusion-imageframe imageframe-none imageframe-2 hover-type-none\"><img decoding=\"async\" alt=\"Rundgang\" title=\"walk_2016\" src=\"https:\/\/www.berlin-info.com\/wp-content\/uploads\/2016\/04\/walk_2016.svg\" class=\"img-responsive wp-image-3920\"\/><\/span><\/div><div class=\"fusion-image-element in-legacy-container\" style=\"--awb-caption-title-size:var(--h2_typography-font-size);--awb-caption-title-transform:var(--h2_typography-text-transform);--awb-caption-title-line-height:var(--h2_typography-line-height);--awb-caption-title-letter-spacing:var(--h2_typography-letter-spacing);\"><span class=\" fusion-imageframe imageframe-none imageframe-3 hover-type-none\"><img decoding=\"async\" title=\"bike_2016\" src=\"https:\/\/www.berlin-info.com\/wp-content\/uploads\/2016\/04\/bike_2016.svg\" alt class=\"img-responsive wp-image-3917\"\/><\/span><\/div><div class=\"fusion-image-element in-legacy-container\" style=\"--awb-caption-title-size:var(--h2_typography-font-size);--awb-caption-title-transform:var(--h2_typography-text-transform);--awb-caption-title-line-height:var(--h2_typography-line-height);--awb-caption-title-letter-spacing:var(--h2_typography-letter-spacing);\"><span class=\" fusion-imageframe imageframe-none imageframe-4 hover-type-none\"><img decoding=\"async\" title=\"bus_2016\" src=\"https:\/\/www.berlin-info.com\/wp-content\/uploads\/2016\/04\/bus_2016.svg\" alt class=\"img-responsive wp-image-3918\"\/><\/span><\/div><div class=\"fusion-clearfix\"><\/div><\/div><\/div><div class=\"fusion-layout-column fusion_builder_column fusion-builder-column-3 fusion_builder_column_2_5 2_5 fusion-two-fifth fusion-column-last\" style=\"--awb-bg-size:cover;width:37.6%;\"><div class=\"fusion-column-wrapper fusion-flex-column-wrapper-legacy\"><div class=\"fusion-alignright\"><a class=\"fusion-button button-flat fusion-button-default-size button-default fusion-button-default button-2 fusion-button-default-span fusion-button-default-type\" target=\"_self\" href=\"#anfrage\"><i class=\"icon-envelope button-icon-left\" aria-hidden=\"true\"><\/i><span class=\"fusion-button-text\"><\/span><\/a><\/div><div class=\"fusion-clearfix\"><\/div><\/div><\/div><\/div><\/div>\n","protected":false},"excerpt":{"rendered":"","protected":false},"author":1,"featured_media":0,"parent":400,"menu_order":0,"comment_status":"open","ping_status":"open","template":"page_zusatz.php","meta":[],"_links":{"self":[{"href":"https:\/\/www.berlin-info.com\/en\/wp-json\/wp\/v2\/pages\/438"}],"collection":[{"href":"https:\/\/www.berlin-info.com\/en\/wp-json\/wp\/v2\/pages"}],"about":[{"href":"https:\/\/www.berlin-info.com\/en\/wp-json\/wp\/v2\/types\/page"}],"author":[{"embeddable":true,"href":"https:\/\/www.berlin-info.com\/en\/wp-json\/wp\/v2\/users\/1"}],"replies":[{"embeddable":true,"href":"https:\/\/www.berlin-info.com\/en\/wp-json\/wp\/v2\/comments?post=438"}],"version-history":[{"count":19,"href":"https:\/\/www.berlin-info.com\/en\/wp-json\/wp\/v2\/pages\/438\/revisions"}],"predecessor-version":[{"id":5504,"href":"https:\/\/www.berlin-info.com\/en\/wp-json\/wp\/v2\/pages\/438\/revisions\/5504"}],"up":[{"embeddable":true,"href":"https:\/\/www.berlin-info.com\/en\/wp-json\/wp\/v2\/pages\/400"}],"wp:attachment":[{"href":"https:\/\/www.berlin-info.com\/en\/wp-json\/wp\/v2\/media?parent=438"}],"curies":[{"name":"wp","href":"https:\/\/api.w.org\/{rel}","templated":true}]}}